{"id":12,"date":"2022-10-26T14:57:41","date_gmt":"2022-10-26T14:57:41","guid":{"rendered":"https:\/\/viresz.hu\/?page_id=12"},"modified":"2023-03-07T11:15:07","modified_gmt":"2023-03-07T09:15:07","slug":"rolunk","status":"publish","type":"page","link":"https:\/\/viresz.hu\/en\/rolunk\/","title":{"rendered":"About us"},"content":{"rendered":"<p style=\"font-size:18px\">Viresz Kft. was founded by M\u00e1rk T\u00f3th and G\u00e1bor Galyas in 2022.<\/p>\n\n\n\n<figure class=\"wp-block-image size-large\"><img loading=\"lazy\" decoding=\"async\" width=\"1024\" height=\"683\" src=\"https:\/\/viresz.hu\/wp-content\/uploads\/2023\/03\/IMG_5670_v-1024x683.jpg\" alt=\"K\u00e9pet k\u00e9sz\u00edtette: Klajk\u00f3Photo www.klajkophoto.hu\" class=\"wp-image-372\" srcset=\"https:\/\/viresz.hu\/wp-content\/uploads\/2023\/03\/IMG_5670_v-1024x683.jpg 1024w, https:\/\/viresz.hu\/wp-content\/uploads\/2023\/03\/IMG_5670_v-300x200.jpg 300w, https:\/\/viresz.hu\/wp-content\/uploads\/2023\/03\/IMG_5670_v-768x512.jpg 768w, https:\/\/viresz.hu\/wp-content\/uploads\/2023\/03\/IMG_5670_v-1536x1024.jpg 1536w, https:\/\/viresz.hu\/wp-content\/uploads\/2023\/03\/IMG_5670_v-2048x1365.jpg 2048w, https:\/\/viresz.hu\/wp-content\/uploads\/2023\/03\/IMG_5670_v-18x12.jpg 18w\" sizes=\"auto, (max-width: 1024px) 100vw, 1024px\" \/><\/figure>\n\n\n\n<p style=\"font-size:18px\"><br>Our common story dates back to high school days - As studio students, our task was to set up and repair the bell system;<br>technical management of the events (sound system, lightening).<br>Within a short period of time, there was interest in our knowledge of event technology outside the walls of the school - this is how we got behind the lighting desks of theater performances, festivals, and events with tens of thousands of people.<br>Not long after, we also undertook the design, construction and operation of complete lighting systems.<br>Deciphering the operation of electrical devices and systems is not only work \u2013 it is also a profession and a hobby. Many times in our free time, we make new, uniquely designed equipment<br>or research solutions to more complicated problems.<br>Our interest soon turned to even larger systems - as technicians, we dealt with the diagnostics, repair and maintenance of industrial electrical machines, while we were constantly furthering our training.<br>By now, in addition to our original profession, we have also gained experience and qualifications in many other fields.<br>We have the following qualifications:<br>- Mechatronic technician<br>- electrician<br>- heavy current electric technician<br>- low-voltage outlet and street lighting electrician (under power)<br>- electrical safety compliance inspector<br>- lifting machine operator<br>The majority of our customers are returning customers or come to us based on recommendations. It is of fundamental importance to us that we always show up exactly at the agreed time and that we perform the work in the best possible quality, according to the customer's needs.<\/p>\n\n\n\n<p style=\"font-size:18px\"><br>-- <a href=\"https:\/\/viresz.hu\/en\/szolgaltatasok\/\">-- <\/a>- <a href=\"https:\/\/viresz.hu\/en\/korabbimunkak\/\">-- <\/a>-<\/p>\n\n\n\n<p class=\"has-text-align-center\" style=\"font-size:18px\"><br>Feel free to contact us!<br>Consultation of a site inspection, request for a quotation:<br>+36 (20) 595 5217<br>+36 (20) 940 8496<br>info(at)viresz.hu<\/p>","protected":false},"excerpt":{"rendered":"<p>A Viresz Kft-t T\u00f3th M\u00e1rk \u00e9s Galyas G\u00e1bor alap\u00edtotta 2022-ben. A k\u00f6z\u00f6s munka t\u00f6rt\u00e9nete a k\u00f6z\u00e9piskol\u00e1s id\u0151kig ny\u00falik vissza \u2013 St\u00fadi\u00f3s di\u00e1kk\u00e9nt a mi feladatunk volt acsenget\u0151rendszer be\u00e1ll\u00edt\u00e1sa, jav\u00edt\u00e1sa; a rendezv\u00e9nyek technikai lebonyol\u00edt\u00e1sa (hangos\u00edt\u00e1s, vil\u00e1gos\u00edt\u00e1s).A rendezv\u00e9nytechnikai tud\u00e1sunk ir\u00e1nt r\u00f6vid id\u0151n bel\u00fcl az iskola falain k\u00edv\u00fcl is \u00e9rdekl\u0151d\u00e9s mutatkozott \u2013 \u00edgy ker\u00fclt\u00fcnk megval\u00f3s\u00edt\u00f3k\u00e9nt sz\u00ednh\u00e1zi el\u0151ad\u00e1sok, fesztiv\u00e1lok,&#8230; <\/p>\n<div class=\"read-more navbutton\"><a href=\"https:\/\/viresz.hu\/en\/rolunk\/\">Read More<i class=\"fa fa-angle-double-right\"><\/i><\/a><\/div>","protected":false},"author":1,"featured_media":0,"parent":0,"menu_order":0,"comment_status":"closed","ping_status":"closed","template":"page-templates\/full-width.php","meta":{"footnotes":""},"class_list":["post-12","page","type-page","status-publish","hentry"],"yoast_head":"<!-- This site is optimized with the Yoast SEO plugin v27.5 - https:\/\/yoast.com\/product\/yoast-seo-wordpress\/ -->\n<title>Bemutatkoz\u00e1s - Viresz Kft.<\/title>\n<meta name=\"robots\" content=\"index, follow, max-snippet:-1, max-image-preview:large, max-video-preview:-1\" \/>\n<link rel=\"canonical\" href=\"https:\/\/viresz.hu\/en\/rolunk\/\" \/>\n<meta property=\"og:locale\" content=\"en_GB\" \/>\n<meta property=\"og:type\" content=\"article\" \/>\n<meta property=\"og:title\" content=\"Bemutatkoz\u00e1s - Viresz Kft.\" \/>\n<meta property=\"og:description\" content=\"A Viresz Kft-t T\u00f3th M\u00e1rk \u00e9s Galyas G\u00e1bor alap\u00edtotta 2022-ben. A k\u00f6z\u00f6s munka t\u00f6rt\u00e9nete a k\u00f6z\u00e9piskol\u00e1s id\u0151kig ny\u00falik vissza \u2013 St\u00fadi\u00f3s di\u00e1kk\u00e9nt a mi feladatunk volt acsenget\u0151rendszer be\u00e1ll\u00edt\u00e1sa, jav\u00edt\u00e1sa; a rendezv\u00e9nyek technikai lebonyol\u00edt\u00e1sa (hangos\u00edt\u00e1s, vil\u00e1gos\u00edt\u00e1s).A rendezv\u00e9nytechnikai tud\u00e1sunk ir\u00e1nt r\u00f6vid id\u0151n bel\u00fcl az iskola falain k\u00edv\u00fcl is \u00e9rdekl\u0151d\u00e9s mutatkozott \u2013 \u00edgy ker\u00fclt\u00fcnk megval\u00f3s\u00edt\u00f3k\u00e9nt sz\u00ednh\u00e1zi el\u0151ad\u00e1sok, fesztiv\u00e1lok,... Read More\" \/>\n<meta property=\"og:url\" content=\"https:\/\/viresz.hu\/en\/rolunk\/\" \/>\n<meta property=\"og:site_name\" content=\"Viresz Kft.\" \/>\n<meta property=\"article:modified_time\" content=\"2023-03-07T09:15:07+00:00\" \/>\n<meta property=\"og:image\" content=\"https:\/\/viresz.hu\/wp-content\/uploads\/2023\/03\/IMG_5670_v-1024x683.jpg\" \/>\n<meta name=\"twitter:card\" content=\"summary_large_image\" \/>\n<meta name=\"twitter:label1\" content=\"Estimated reading time\" \/>\n\t<meta name=\"twitter:data1\" content=\"2 minutes\" \/>\n<script type=\"application\/ld+json\" class=\"yoast-schema-graph\">{\"@context\":\"https:\\\/\\\/schema.org\",\"@graph\":[{\"@type\":\"WebPage\",\"@id\":\"https:\\\/\\\/viresz.hu\\\/rolunk\\\/\",\"url\":\"https:\\\/\\\/viresz.hu\\\/rolunk\\\/\",\"name\":\"Bemutatkoz\u00e1s - Viresz Kft.\",\"isPartOf\":{\"@id\":\"https:\\\/\\\/viresz.hu\\\/en\\\/#website\"},\"primaryImageOfPage\":{\"@id\":\"https:\\\/\\\/viresz.hu\\\/rolunk\\\/#primaryimage\"},\"image\":{\"@id\":\"https:\\\/\\\/viresz.hu\\\/rolunk\\\/#primaryimage\"},\"thumbnailUrl\":\"https:\\\/\\\/viresz.hu\\\/wp-content\\\/uploads\\\/2023\\\/03\\\/IMG_5670_v-1024x683.jpg\",\"datePublished\":\"2022-10-26T14:57:41+00:00\",\"dateModified\":\"2023-03-07T09:15:07+00:00\",\"breadcrumb\":{\"@id\":\"https:\\\/\\\/viresz.hu\\\/rolunk\\\/#breadcrumb\"},\"inLanguage\":\"en-GB\",\"potentialAction\":[{\"@type\":\"ReadAction\",\"target\":[\"https:\\\/\\\/viresz.hu\\\/rolunk\\\/\"]}]},{\"@type\":\"ImageObject\",\"inLanguage\":\"en-GB\",\"@id\":\"https:\\\/\\\/viresz.hu\\\/rolunk\\\/#primaryimage\",\"url\":\"https:\\\/\\\/viresz.hu\\\/wp-content\\\/uploads\\\/2023\\\/03\\\/IMG_5670_v-1024x683.jpg\",\"contentUrl\":\"https:\\\/\\\/viresz.hu\\\/wp-content\\\/uploads\\\/2023\\\/03\\\/IMG_5670_v-1024x683.jpg\"},{\"@type\":\"BreadcrumbList\",\"@id\":\"https:\\\/\\\/viresz.hu\\\/rolunk\\\/#breadcrumb\",\"itemListElement\":[{\"@type\":\"ListItem\",\"position\":1,\"name\":\"Kezd\u0151lap\",\"item\":\"https:\\\/\\\/viresz.hu\\\/\"},{\"@type\":\"ListItem\",\"position\":2,\"name\":\"Bemutatkoz\u00e1s\"}]},{\"@type\":\"WebSite\",\"@id\":\"https:\\\/\\\/viresz.hu\\\/en\\\/#website\",\"url\":\"https:\\\/\\\/viresz.hu\\\/en\\\/\",\"name\":\"Viresz Kft.\",\"description\":\"\",\"publisher\":{\"@id\":\"https:\\\/\\\/viresz.hu\\\/en\\\/#organization\"},\"potentialAction\":[{\"@type\":\"SearchAction\",\"target\":{\"@type\":\"EntryPoint\",\"urlTemplate\":\"https:\\\/\\\/viresz.hu\\\/en\\\/?s={search_term_string}\"},\"query-input\":{\"@type\":\"PropertyValueSpecification\",\"valueRequired\":true,\"valueName\":\"search_term_string\"}}],\"inLanguage\":\"en-GB\"},{\"@type\":\"Organization\",\"@id\":\"https:\\\/\\\/viresz.hu\\\/en\\\/#organization\",\"name\":\"Viresz Kft.\",\"url\":\"https:\\\/\\\/viresz.hu\\\/en\\\/\",\"logo\":{\"@type\":\"ImageObject\",\"inLanguage\":\"en-GB\",\"@id\":\"https:\\\/\\\/viresz.hu\\\/en\\\/#\\\/schema\\\/logo\\\/image\\\/\",\"url\":\"https:\\\/\\\/viresz.hu\\\/wp-content\\\/uploads\\\/2022\\\/11\\\/viresz_web.png\",\"contentUrl\":\"https:\\\/\\\/viresz.hu\\\/wp-content\\\/uploads\\\/2022\\\/11\\\/viresz_web.png\",\"width\":4484,\"height\":1360,\"caption\":\"Viresz Kft.\"},\"image\":{\"@id\":\"https:\\\/\\\/viresz.hu\\\/en\\\/#\\\/schema\\\/logo\\\/image\\\/\"}}]}<\/script>\n<!-- \/ Yoast SEO plugin. -->","yoast_head_json":{"title":"Bemutatkoz\u00e1s - Viresz Kft.","robots":{"index":"index","follow":"follow","max-snippet":"max-snippet:-1","max-image-preview":"max-image-preview:large","max-video-preview":"max-video-preview:-1"},"canonical":"https:\/\/viresz.hu\/en\/rolunk\/","og_locale":"en_GB","og_type":"article","og_title":"Bemutatkoz\u00e1s - Viresz Kft.","og_description":"A Viresz Kft-t T\u00f3th M\u00e1rk \u00e9s Galyas G\u00e1bor alap\u00edtotta 2022-ben. A k\u00f6z\u00f6s munka t\u00f6rt\u00e9nete a k\u00f6z\u00e9piskol\u00e1s id\u0151kig ny\u00falik vissza \u2013 St\u00fadi\u00f3s di\u00e1kk\u00e9nt a mi feladatunk volt acsenget\u0151rendszer be\u00e1ll\u00edt\u00e1sa, jav\u00edt\u00e1sa; a rendezv\u00e9nyek technikai lebonyol\u00edt\u00e1sa (hangos\u00edt\u00e1s, vil\u00e1gos\u00edt\u00e1s).A rendezv\u00e9nytechnikai tud\u00e1sunk ir\u00e1nt r\u00f6vid id\u0151n bel\u00fcl az iskola falain k\u00edv\u00fcl is \u00e9rdekl\u0151d\u00e9s mutatkozott \u2013 \u00edgy ker\u00fclt\u00fcnk megval\u00f3s\u00edt\u00f3k\u00e9nt sz\u00ednh\u00e1zi el\u0151ad\u00e1sok, fesztiv\u00e1lok,... Read More","og_url":"https:\/\/viresz.hu\/en\/rolunk\/","og_site_name":"Viresz Kft.","article_modified_time":"2023-03-07T09:15:07+00:00","og_image":[{"url":"https:\/\/viresz.hu\/wp-content\/uploads\/2023\/03\/IMG_5670_v-1024x683.jpg","type":"","width":"","height":""}],"twitter_card":"summary_large_image","twitter_misc":{"Estimated reading time":"2 minutes"},"schema":{"@context":"https:\/\/schema.org","@graph":[{"@type":"WebPage","@id":"https:\/\/viresz.hu\/rolunk\/","url":"https:\/\/viresz.hu\/rolunk\/","name":"Bemutatkoz\u00e1s - Viresz Kft.","isPartOf":{"@id":"https:\/\/viresz.hu\/en\/#website"},"primaryImageOfPage":{"@id":"https:\/\/viresz.hu\/rolunk\/#primaryimage"},"image":{"@id":"https:\/\/viresz.hu\/rolunk\/#primaryimage"},"thumbnailUrl":"https:\/\/viresz.hu\/wp-content\/uploads\/2023\/03\/IMG_5670_v-1024x683.jpg","datePublished":"2022-10-26T14:57:41+00:00","dateModified":"2023-03-07T09:15:07+00:00","breadcrumb":{"@id":"https:\/\/viresz.hu\/rolunk\/#breadcrumb"},"inLanguage":"en-GB","potentialAction":[{"@type":"ReadAction","target":["https:\/\/viresz.hu\/rolunk\/"]}]},{"@type":"ImageObject","inLanguage":"en-GB","@id":"https:\/\/viresz.hu\/rolunk\/#primaryimage","url":"https:\/\/viresz.hu\/wp-content\/uploads\/2023\/03\/IMG_5670_v-1024x683.jpg","contentUrl":"https:\/\/viresz.hu\/wp-content\/uploads\/2023\/03\/IMG_5670_v-1024x683.jpg"},{"@type":"BreadcrumbList","@id":"https:\/\/viresz.hu\/rolunk\/#breadcrumb","itemListElement":[{"@type":"ListItem","position":1,"name":"Kezd\u0151lap","item":"https:\/\/viresz.hu\/"},{"@type":"ListItem","position":2,"name":"Bemutatkoz\u00e1s"}]},{"@type":"WebSite","@id":"https:\/\/viresz.hu\/en\/#website","url":"https:\/\/viresz.hu\/en\/","name":"Viresz Kft.","description":"","publisher":{"@id":"https:\/\/viresz.hu\/en\/#organization"},"potentialAction":[{"@type":"SearchAction","target":{"@type":"EntryPoint","urlTemplate":"https:\/\/viresz.hu\/en\/?s={search_term_string}"},"query-input":{"@type":"PropertyValueSpecification","valueRequired":true,"valueName":"search_term_string"}}],"inLanguage":"en-GB"},{"@type":"Organization","@id":"https:\/\/viresz.hu\/en\/#organization","name":"Viresz Kft.","url":"https:\/\/viresz.hu\/en\/","logo":{"@type":"ImageObject","inLanguage":"en-GB","@id":"https:\/\/viresz.hu\/en\/#\/schema\/logo\/image\/","url":"https:\/\/viresz.hu\/wp-content\/uploads\/2022\/11\/viresz_web.png","contentUrl":"https:\/\/viresz.hu\/wp-content\/uploads\/2022\/11\/viresz_web.png","width":4484,"height":1360,"caption":"Viresz Kft."},"image":{"@id":"https:\/\/viresz.hu\/en\/#\/schema\/logo\/image\/"}}]}},"_links":{"self":[{"href":"https:\/\/viresz.hu\/en\/wp-json\/wp\/v2\/pages\/12","targetHints":{"allow":["GET"]}}],"collection":[{"href":"https:\/\/viresz.hu\/en\/wp-json\/wp\/v2\/pages"}],"about":[{"href":"https:\/\/viresz.hu\/en\/wp-json\/wp\/v2\/types\/page"}],"author":[{"embeddable":true,"href":"https:\/\/viresz.hu\/en\/wp-json\/wp\/v2\/users\/1"}],"replies":[{"embeddable":true,"href":"https:\/\/viresz.hu\/en\/wp-json\/wp\/v2\/comments?post=12"}],"version-history":[{"count":16,"href":"https:\/\/viresz.hu\/en\/wp-json\/wp\/v2\/pages\/12\/revisions"}],"predecessor-version":[{"id":416,"href":"https:\/\/viresz.hu\/en\/wp-json\/wp\/v2\/pages\/12\/revisions\/416"}],"wp:attachment":[{"href":"https:\/\/viresz.hu\/en\/wp-json\/wp\/v2\/media?parent=12"}],"curies":[{"name":"wp","href":"https:\/\/api.w.org\/{rel}","templated":true}]}}