{"id":17,"date":"2022-10-26T15:20:43","date_gmt":"2022-10-26T15:20:43","guid":{"rendered":"https:\/\/viresz.hu\/?page_id=17"},"modified":"2023-03-06T22:26:48","modified_gmt":"2023-03-06T20:26:48","slug":"kapcsolat","status":"publish","type":"page","link":"https:\/\/viresz.hu\/en\/kapcsolat\/","title":{"rendered":"Contact"},"content":{"rendered":"<p class=\"has-text-align-center\"><strong>No call-out charge in Budapest and its surrounding area!<\/strong><\/p>\n\n\n\n<p class=\"has-text-align-center\">Consultation of a site inspection, request for a quotation:<\/p>\n\n\n\n<p class=\"has-text-align-center\">+36 (20) 595 5217<\/p>\n\n\n\n<p class=\"has-text-align-center\">+36 (20) 940 8496<\/p>\n\n\n\n<p class=\"has-text-align-center\">info(at)viresz.hu<\/p>\n\n\n\n<p class=\"has-text-align-center\">Or write to us directly:<\/p>\n\n\n\n<div class=\"wp-block-contact-form-7-contact-form-selector\">\n<div class=\"wpcf7 no-js\" id=\"wpcf7-f407-o1\" lang=\"hu-HU\" dir=\"ltr\">\n<div class=\"screen-reader-response\"><p role=\"status\" aria-live=\"polite\" aria-atomic=\"true\"><\/p> <ul><\/ul><\/div>\n<form action=\"\/en\/wp-json\/wp\/v2\/pages\/17#wpcf7-f407-o1\" method=\"post\" class=\"wpcf7-form init\" aria-label=\"Kapcsolatfelv\u00e9teli \u0171rlap\" novalidate=\"novalidate\" data-status=\"init\" data-trp-original-action=\"\/en\/wp-json\/wp\/v2\/pages\/17#wpcf7-f407-o1\">\n<div style=\"display: none;\">\n<input type=\"hidden\" name=\"_wpcf7\" value=\"407\" \/>\n<input type=\"hidden\" name=\"_wpcf7_version\" value=\"5.7.6\" \/>\n<input type=\"hidden\" name=\"_wpcf7_locale\" value=\"hu_HU\" \/>\n<input type=\"hidden\" name=\"_wpcf7_unit_tag\" value=\"wpcf7-f407-o1\" \/>\n<input type=\"hidden\" name=\"_wpcf7_container_post\" value=\"0\" \/>\n<input type=\"hidden\" name=\"_wpcf7_posted_data_hash\" value=\"\" \/>\n<input type=\"hidden\" name=\"_wpcf7_recaptcha_response\" value=\"\" \/>\n<\/div>\n<p><label> Name<br \/>\n<span class=\"wpcf7-form-control-wrap\" data-name=\"your-name\"><input size=\"40\" class=\"wpcf7-form-control wpcf7-text wpcf7-validates-as-required\" autocomplete=\"name\" aria-required=\"true\" aria-invalid=\"false\" value=\"\" type=\"text\" name=\"your-name\" \/><\/span> <\/label>\n<\/p>\n<p><label> E-mail address<br \/>\n<span class=\"wpcf7-form-control-wrap\" data-name=\"your-email\"><input size=\"40\" class=\"wpcf7-form-control wpcf7-text wpcf7-email wpcf7-validates-as-required wpcf7-validates-as-email\" autocomplete=\"email\" aria-required=\"true\" aria-invalid=\"false\" value=\"\" type=\"email\" name=\"your-email\" \/><\/span> <\/label>\n<\/p>\n<p><label> Subject<br \/>\n<span class=\"wpcf7-form-control-wrap\" data-name=\"your-subject\"><input size=\"40\" class=\"wpcf7-form-control wpcf7-text wpcf7-validates-as-required\" aria-required=\"true\" aria-invalid=\"false\" value=\"\" type=\"text\" name=\"your-subject\" \/><\/span> <\/label>\n<\/p>\n<p><label> Message<br \/>\n<span class=\"wpcf7-form-control-wrap\" data-name=\"your-message\"><textarea cols=\"40\" rows=\"10\" class=\"wpcf7-form-control wpcf7-textarea wpcf7-validates-as-required\" aria-required=\"true\" aria-invalid=\"false\" name=\"your-message\"><\/textarea><\/span> <\/label>\n<\/p>\n<p><input class=\"wpcf7-form-control has-spinner wpcf7-submit\" type=\"submit\" value=\"Send\" \/>\n<\/p><div class=\"wpcf7-response-output\" aria-hidden=\"true\"><\/div>\n<input type=\"hidden\" name=\"trp-form-language\" value=\"en\"\/><\/form>\n<\/div>\n<\/div>","protected":false},"excerpt":{"rendered":"<p>Budapesten \u00e9s vonz\u00e1sk\u00f6rzet\u00e9ben kisz\u00e1ll\u00e1si d\u00edj n\u00e9lk\u00fcl! H\u00edvjon minket! Helysz\u00edni felm\u00e9r\u00e9s egyeztet\u00e9s, \u00e1raj\u00e1nlat k\u00e9r\u00e9s: +36 (20) 595 5217 +36 (20) 940 8496 info(kukac)viresz.hu Vagy \u00edrjon \u00fczenetet k\u00f6zvetlen\u00fcl:<\/p>","protected":false},"author":1,"featured_media":266,"parent":0,"menu_order":0,"comment_status":"closed","ping_status":"closed","template":"","meta":{"footnotes":""},"class_list":["post-17","page","type-page","status-publish","has-post-thumbnail","hentry"],"yoast_head":"<!-- This site is optimized with the Yoast SEO plugin v27.5 - https:\/\/yoast.com\/product\/yoast-seo-wordpress\/ -->\n<title>Kapcsolat - Viresz Kft.<\/title>\n<meta name=\"robots\" content=\"index, follow, max-snippet:-1, max-image-preview:large, max-video-preview:-1\" \/>\n<link rel=\"canonical\" href=\"https:\/\/viresz.hu\/en\/kapcsolat\/\" \/>\n<meta property=\"og:locale\" content=\"en_GB\" \/>\n<meta property=\"og:type\" content=\"article\" \/>\n<meta property=\"og:title\" content=\"Kapcsolat - Viresz Kft.\" \/>\n<meta property=\"og:description\" content=\"Budapesten \u00e9s vonz\u00e1sk\u00f6rzet\u00e9ben kisz\u00e1ll\u00e1si d\u00edj n\u00e9lk\u00fcl! H\u00edvjon minket! Helysz\u00edni felm\u00e9r\u00e9s egyeztet\u00e9s, \u00e1raj\u00e1nlat k\u00e9r\u00e9s: +36 (20) 595 5217 +36 (20) 940 8496 info(kukac)viresz.hu Vagy \u00edrjon \u00fczenetet k\u00f6zvetlen\u00fcl:\" \/>\n<meta property=\"og:url\" content=\"https:\/\/viresz.hu\/en\/kapcsolat\/\" \/>\n<meta property=\"og:site_name\" content=\"Viresz Kft.\" \/>\n<meta property=\"article:modified_time\" content=\"2023-03-06T20:26:48+00:00\" \/>\n<meta property=\"og:image\" content=\"https:\/\/viresz.hu\/wp-content\/uploads\/2023\/01\/cropped-IMG_5334-scaled-2.jpg\" \/>\n\t<meta property=\"og:image:width\" content=\"1920\" \/>\n\t<meta property=\"og:image:height\" content=\"1079\" \/>\n\t<meta property=\"og:image:type\" content=\"image\/jpeg\" \/>\n<meta name=\"twitter:card\" content=\"summary_large_image\" \/>\n<meta name=\"twitter:label1\" content=\"Estimated reading time\" \/>\n\t<meta name=\"twitter:data1\" content=\"1 minute\" \/>\n<script type=\"application\/ld+json\" class=\"yoast-schema-graph\">{\"@context\":\"https:\\\/\\\/schema.org\",\"@graph\":[{\"@type\":\"WebPage\",\"@id\":\"https:\\\/\\\/viresz.hu\\\/kapcsolat\\\/\",\"url\":\"https:\\\/\\\/viresz.hu\\\/kapcsolat\\\/\",\"name\":\"Kapcsolat - Viresz Kft.\",\"isPartOf\":{\"@id\":\"https:\\\/\\\/viresz.hu\\\/en\\\/#website\"},\"primaryImageOfPage\":{\"@id\":\"https:\\\/\\\/viresz.hu\\\/kapcsolat\\\/#primaryimage\"},\"image\":{\"@id\":\"https:\\\/\\\/viresz.hu\\\/kapcsolat\\\/#primaryimage\"},\"thumbnailUrl\":\"https:\\\/\\\/viresz.hu\\\/wp-content\\\/uploads\\\/2023\\\/01\\\/cropped-IMG_5334-scaled-2.jpg\",\"datePublished\":\"2022-10-26T15:20:43+00:00\",\"dateModified\":\"2023-03-06T20:26:48+00:00\",\"breadcrumb\":{\"@id\":\"https:\\\/\\\/viresz.hu\\\/kapcsolat\\\/#breadcrumb\"},\"inLanguage\":\"en-GB\",\"potentialAction\":[{\"@type\":\"ReadAction\",\"target\":[\"https:\\\/\\\/viresz.hu\\\/kapcsolat\\\/\"]}]},{\"@type\":\"ImageObject\",\"inLanguage\":\"en-GB\",\"@id\":\"https:\\\/\\\/viresz.hu\\\/kapcsolat\\\/#primaryimage\",\"url\":\"https:\\\/\\\/viresz.hu\\\/wp-content\\\/uploads\\\/2023\\\/01\\\/cropped-IMG_5334-scaled-2.jpg\",\"contentUrl\":\"https:\\\/\\\/viresz.hu\\\/wp-content\\\/uploads\\\/2023\\\/01\\\/cropped-IMG_5334-scaled-2.jpg\",\"width\":1920,\"height\":1079},{\"@type\":\"BreadcrumbList\",\"@id\":\"https:\\\/\\\/viresz.hu\\\/kapcsolat\\\/#breadcrumb\",\"itemListElement\":[{\"@type\":\"ListItem\",\"position\":1,\"name\":\"Kezd\u0151lap\",\"item\":\"https:\\\/\\\/viresz.hu\\\/\"},{\"@type\":\"ListItem\",\"position\":2,\"name\":\"Kapcsolat\"}]},{\"@type\":\"WebSite\",\"@id\":\"https:\\\/\\\/viresz.hu\\\/en\\\/#website\",\"url\":\"https:\\\/\\\/viresz.hu\\\/en\\\/\",\"name\":\"Viresz Kft.\",\"description\":\"\",\"publisher\":{\"@id\":\"https:\\\/\\\/viresz.hu\\\/en\\\/#organization\"},\"potentialAction\":[{\"@type\":\"SearchAction\",\"target\":{\"@type\":\"EntryPoint\",\"urlTemplate\":\"https:\\\/\\\/viresz.hu\\\/en\\\/?s={search_term_string}\"},\"query-input\":{\"@type\":\"PropertyValueSpecification\",\"valueRequired\":true,\"valueName\":\"search_term_string\"}}],\"inLanguage\":\"en-GB\"},{\"@type\":\"Organization\",\"@id\":\"https:\\\/\\\/viresz.hu\\\/en\\\/#organization\",\"name\":\"Viresz Kft.\",\"url\":\"https:\\\/\\\/viresz.hu\\\/en\\\/\",\"logo\":{\"@type\":\"ImageObject\",\"inLanguage\":\"en-GB\",\"@id\":\"https:\\\/\\\/viresz.hu\\\/en\\\/#\\\/schema\\\/logo\\\/image\\\/\",\"url\":\"https:\\\/\\\/viresz.hu\\\/wp-content\\\/uploads\\\/2022\\\/11\\\/viresz_web.png\",\"contentUrl\":\"https:\\\/\\\/viresz.hu\\\/wp-content\\\/uploads\\\/2022\\\/11\\\/viresz_web.png\",\"width\":4484,\"height\":1360,\"caption\":\"Viresz Kft.\"},\"image\":{\"@id\":\"https:\\\/\\\/viresz.hu\\\/en\\\/#\\\/schema\\\/logo\\\/image\\\/\"}}]}<\/script>\n<!-- \/ Yoast SEO plugin. -->","yoast_head_json":{"title":"Kapcsolat - Viresz Kft.","robots":{"index":"index","follow":"follow","max-snippet":"max-snippet:-1","max-image-preview":"max-image-preview:large","max-video-preview":"max-video-preview:-1"},"canonical":"https:\/\/viresz.hu\/en\/kapcsolat\/","og_locale":"en_GB","og_type":"article","og_title":"Kapcsolat - Viresz Kft.","og_description":"Budapesten \u00e9s vonz\u00e1sk\u00f6rzet\u00e9ben kisz\u00e1ll\u00e1si d\u00edj n\u00e9lk\u00fcl! H\u00edvjon minket! Helysz\u00edni felm\u00e9r\u00e9s egyeztet\u00e9s, \u00e1raj\u00e1nlat k\u00e9r\u00e9s: +36 (20) 595 5217 +36 (20) 940 8496 info(kukac)viresz.hu Vagy \u00edrjon \u00fczenetet k\u00f6zvetlen\u00fcl:","og_url":"https:\/\/viresz.hu\/en\/kapcsolat\/","og_site_name":"Viresz Kft.","article_modified_time":"2023-03-06T20:26:48+00:00","og_image":[{"width":1920,"height":1079,"url":"https:\/\/viresz.hu\/wp-content\/uploads\/2023\/01\/cropped-IMG_5334-scaled-2.jpg","type":"image\/jpeg"}],"twitter_card":"summary_large_image","twitter_misc":{"Estimated reading time":"1 minute"},"schema":{"@context":"https:\/\/schema.org","@graph":[{"@type":"WebPage","@id":"https:\/\/viresz.hu\/kapcsolat\/","url":"https:\/\/viresz.hu\/kapcsolat\/","name":"Kapcsolat - Viresz Kft.","isPartOf":{"@id":"https:\/\/viresz.hu\/en\/#website"},"primaryImageOfPage":{"@id":"https:\/\/viresz.hu\/kapcsolat\/#primaryimage"},"image":{"@id":"https:\/\/viresz.hu\/kapcsolat\/#primaryimage"},"thumbnailUrl":"https:\/\/viresz.hu\/wp-content\/uploads\/2023\/01\/cropped-IMG_5334-scaled-2.jpg","datePublished":"2022-10-26T15:20:43+00:00","dateModified":"2023-03-06T20:26:48+00:00","breadcrumb":{"@id":"https:\/\/viresz.hu\/kapcsolat\/#breadcrumb"},"inLanguage":"en-GB","potentialAction":[{"@type":"ReadAction","target":["https:\/\/viresz.hu\/kapcsolat\/"]}]},{"@type":"ImageObject","inLanguage":"en-GB","@id":"https:\/\/viresz.hu\/kapcsolat\/#primaryimage","url":"https:\/\/viresz.hu\/wp-content\/uploads\/2023\/01\/cropped-IMG_5334-scaled-2.jpg","contentUrl":"https:\/\/viresz.hu\/wp-content\/uploads\/2023\/01\/cropped-IMG_5334-scaled-2.jpg","width":1920,"height":1079},{"@type":"BreadcrumbList","@id":"https:\/\/viresz.hu\/kapcsolat\/#breadcrumb","itemListElement":[{"@type":"ListItem","position":1,"name":"Kezd\u0151lap","item":"https:\/\/viresz.hu\/"},{"@type":"ListItem","position":2,"name":"Kapcsolat"}]},{"@type":"WebSite","@id":"https:\/\/viresz.hu\/en\/#website","url":"https:\/\/viresz.hu\/en\/","name":"Viresz Kft.","description":"","publisher":{"@id":"https:\/\/viresz.hu\/en\/#organization"},"potentialAction":[{"@type":"SearchAction","target":{"@type":"EntryPoint","urlTemplate":"https:\/\/viresz.hu\/en\/?s={search_term_string}"},"query-input":{"@type":"PropertyValueSpecification","valueRequired":true,"valueName":"search_term_string"}}],"inLanguage":"en-GB"},{"@type":"Organization","@id":"https:\/\/viresz.hu\/en\/#organization","name":"Viresz Kft.","url":"https:\/\/viresz.hu\/en\/","logo":{"@type":"ImageObject","inLanguage":"en-GB","@id":"https:\/\/viresz.hu\/en\/#\/schema\/logo\/image\/","url":"https:\/\/viresz.hu\/wp-content\/uploads\/2022\/11\/viresz_web.png","contentUrl":"https:\/\/viresz.hu\/wp-content\/uploads\/2022\/11\/viresz_web.png","width":4484,"height":1360,"caption":"Viresz Kft."},"image":{"@id":"https:\/\/viresz.hu\/en\/#\/schema\/logo\/image\/"}}]}},"_links":{"self":[{"href":"https:\/\/viresz.hu\/en\/wp-json\/wp\/v2\/pages\/17","targetHints":{"allow":["GET"]}}],"collection":[{"href":"https:\/\/viresz.hu\/en\/wp-json\/wp\/v2\/pages"}],"about":[{"href":"https:\/\/viresz.hu\/en\/wp-json\/wp\/v2\/types\/page"}],"author":[{"embeddable":true,"href":"https:\/\/viresz.hu\/en\/wp-json\/wp\/v2\/users\/1"}],"replies":[{"embeddable":true,"href":"https:\/\/viresz.hu\/en\/wp-json\/wp\/v2\/comments?post=17"}],"version-history":[{"count":10,"href":"https:\/\/viresz.hu\/en\/wp-json\/wp\/v2\/pages\/17\/revisions"}],"predecessor-version":[{"id":411,"href":"https:\/\/viresz.hu\/en\/wp-json\/wp\/v2\/pages\/17\/revisions\/411"}],"wp:featuredmedia":[{"embeddable":true,"href":"https:\/\/viresz.hu\/en\/wp-json\/wp\/v2\/media\/266"}],"wp:attachment":[{"href":"https:\/\/viresz.hu\/en\/wp-json\/wp\/v2\/media?parent=17"}],"curies":[{"name":"wp","href":"https:\/\/api.w.org\/{rel}","templated":true}]}}