{"id":292,"date":"2023-01-09T13:55:03","date_gmt":"2023-01-09T11:55:03","guid":{"rendered":"https:\/\/viresz.hu\/?page_id=292"},"modified":"2023-03-07T16:50:22","modified_gmt":"2023-03-07T14:50:22","slug":"szolgaltatasok","status":"publish","type":"page","link":"https:\/\/viresz.hu\/en\/szolgaltatasok\/","title":{"rendered":"Services"},"content":{"rendered":"<p class=\"has-text-align-center\"><strong>Everything electrical<\/strong><\/p>\n\n\n\n<p><strong>Electrical Installation Condition Report<\/strong><\/p>\n\n\n\n<p>Also known as EICR or Electrical Safety Inspection. Mandated by law, you may be required to get this test done by regular intervals. As of July 31 2020, EICR tests must be carried out when selling or renting out your property.<\/p>\n\n\n\n<p>A detailed inspection of electrical equipment (circuit breakers, residual-current device) that is suitable for showing whether it compliant to all the criteria of the relevant standards or equivalent technical regulations. Furthermore, a complete review of the electrical system during periodic tests, which includes the tests of the electrical equipment's protection against electric shock and its general standard condition (of a fire protection nature).<\/p>\n\n\n\n<p>Inspections must be carried out by a qualified electrician<\/p>\n\n\n\n<p>The issued report contains the measurements and the evaluation of the results, a list of all issues found.<\/p>\n\n\n\n<p><strong>Maintenance, repairs or modernization of high and low voltage electrical systems or equipment<\/strong><\/p>\n\n\n\n<p>Electrical equipment, control systems and electrical distribution networks<\/p>\n\n\n\n<p><em>For example compressors, pumps, winches, control cabinets, frequency drives, control panels, you name it!<\/em><\/p>\n\n\n\n<ul class=\"wp-block-list\">\n<li>Troubleshooting, locating electrical faults and correcting them<\/li>\n<\/ul>\n\n\n\n<p class=\"has-text-align-center\">Also when no documentation or schematics are available<\/p>\n\n\n\n<ul class=\"wp-block-list\">\n<li>Regular or routine maintenance<\/li>\n\n\n\n<li>Modernization of old and out of date equipment<\/li>\n<\/ul>\n\n\n\n<p><strong>Working under voltage<\/strong><\/p>\n\n\n\n<p><strong>Designing and building custom systems, automations<\/strong><\/p>\n\n\n\n<p>Designing, building, installing or repairing of custom control equipment<\/p>\n\n\n\n<ul class=\"wp-block-list\">\n<li>Building automation - motion sensors, smart lighting, smart systems<\/li>\n\n\n\n<li>Prop automation for theatrical use<\/li>\n\n\n\n<li>Custom lighting in scenery and set elements<\/li>\n\n\n\n<li>Interactive exhibition elements<\/li>\n\n\n\n<li>Special props for concerts and shows<\/li>\n<\/ul>\n\n\n\n<p><strong>Event technical services<\/strong><\/p>\n\n\n\n<ul class=\"wp-block-list\">\n<li>Designing and building of stage lighting<\/li>\n\n\n\n<li>Design and operation of lighting control systems<\/li>\n\n\n\n<li>Supervision of control systems<\/li>\n\n\n\n<li>Maintenance and repair of event technical equipment<\/li>\n<\/ul>\n\n\n\n<p>You can find our previous works <a href=\"https:\/\/viresz.hu\/en\/korabbimunkak\/\">--<\/a>.<\/p>\n\n\n\n<p><strong>No call-out charge in Budapest and its surrounding area!<\/strong><\/p>\n\n\n\n<p>Consultation of a site inspection, request for a quotation:<\/p>\n\n\n\n<p>+36 (20) 595 5217<\/p>\n\n\n\n<p>+36 (20) 940 8496<\/p>\n\n\n\n<p>info(at)viresz.hu<\/p>","protected":false},"excerpt":{"rendered":"<p>Minden, ami elektromoss\u00e1g Villamos-biztons\u00e1gi fel\u00fclvizsg\u00e1lat Kor\u00e1bbi nev\u00e9n \u00e9rint\u00e9sv\u00e9delmi fel\u00fclvizsg\u00e1lat. Jogszab\u00e1lyban r\u00f6gz\u00edtett gyakoris\u00e1ggal k\u00f6teles az \u00fczemeltet\u0151 elv\u00e9geztetni. 2020. j\u00falius 31-t\u0151l a lak\u00f3\u00e9p\u00fcletekben l\u00e9v\u0151 lak\u00e1sok villamos berendez\u00e9s\u00e9n is k\u00f6telez\u0151 elv\u00e9geztetni b\u00e9rbead\u00e1skor \u00e9s tulajdonosv\u00e1lt\u00e1skor. A villamos berendez\u00e9sek (pl. f\u00ed-rel\u00e9, vagyis hiba\u00e1ramv\u00e9d\u0151 kapcsol\u00f3) olyan r\u00e9szletes ellen\u0151rz\u00e9se, amely alkalmas arra, hogy kimutassa, teljes\u00edti-e az a vonatkoz\u00f3 szabv\u00e1nyok vagy azokkal egyen\u00e9rt\u00e9k\u0171&#8230; <\/p>\n<div class=\"read-more navbutton\"><a href=\"https:\/\/viresz.hu\/en\/szolgaltatasok\/\">Read More<i class=\"fa fa-angle-double-right\"><\/i><\/a><\/div>","protected":false},"author":2,"featured_media":0,"parent":0,"menu_order":0,"comment_status":"closed","ping_status":"closed","template":"","meta":{"footnotes":""},"class_list":["post-292","page","type-page","status-publish","hentry"],"yoast_head":"<!-- This site is optimized with the Yoast SEO plugin v27.5 - https:\/\/yoast.com\/product\/yoast-seo-wordpress\/ -->\n<title>Szolg\u00e1ltat\u00e1sok - Viresz Kft.<\/title>\n<meta name=\"robots\" content=\"index, follow, max-snippet:-1, max-image-preview:large, max-video-preview:-1\" \/>\n<link rel=\"canonical\" href=\"https:\/\/viresz.hu\/en\/szolgaltatasok\/\" \/>\n<meta property=\"og:locale\" content=\"en_GB\" \/>\n<meta property=\"og:type\" content=\"article\" \/>\n<meta property=\"og:title\" content=\"Szolg\u00e1ltat\u00e1sok - Viresz Kft.\" \/>\n<meta property=\"og:description\" content=\"Minden, ami elektromoss\u00e1g Villamos-biztons\u00e1gi fel\u00fclvizsg\u00e1lat Kor\u00e1bbi nev\u00e9n \u00e9rint\u00e9sv\u00e9delmi fel\u00fclvizsg\u00e1lat. Jogszab\u00e1lyban r\u00f6gz\u00edtett gyakoris\u00e1ggal k\u00f6teles az \u00fczemeltet\u0151 elv\u00e9geztetni. 2020. j\u00falius 31-t\u0151l a lak\u00f3\u00e9p\u00fcletekben l\u00e9v\u0151 lak\u00e1sok villamos berendez\u00e9s\u00e9n is k\u00f6telez\u0151 elv\u00e9geztetni b\u00e9rbead\u00e1skor \u00e9s tulajdonosv\u00e1lt\u00e1skor. A villamos berendez\u00e9sek (pl. f\u00ed-rel\u00e9, vagyis hiba\u00e1ramv\u00e9d\u0151 kapcsol\u00f3) olyan r\u00e9szletes ellen\u0151rz\u00e9se, amely alkalmas arra, hogy kimutassa, teljes\u00edti-e az a vonatkoz\u00f3 szabv\u00e1nyok vagy azokkal egyen\u00e9rt\u00e9k\u0171... Read More\" \/>\n<meta property=\"og:url\" content=\"https:\/\/viresz.hu\/en\/szolgaltatasok\/\" \/>\n<meta property=\"og:site_name\" content=\"Viresz Kft.\" \/>\n<meta property=\"article:modified_time\" content=\"2023-03-07T14:50:22+00:00\" \/>\n<meta name=\"twitter:card\" content=\"summary_large_image\" \/>\n<meta name=\"twitter:label1\" content=\"Estimated reading time\" \/>\n\t<meta name=\"twitter:data1\" content=\"2 minutes\" \/>\n<script type=\"application\/ld+json\" class=\"yoast-schema-graph\">{\"@context\":\"https:\\\/\\\/schema.org\",\"@graph\":[{\"@type\":\"WebPage\",\"@id\":\"https:\\\/\\\/viresz.hu\\\/szolgaltatasok\\\/\",\"url\":\"https:\\\/\\\/viresz.hu\\\/szolgaltatasok\\\/\",\"name\":\"Szolg\u00e1ltat\u00e1sok - Viresz Kft.\",\"isPartOf\":{\"@id\":\"https:\\\/\\\/viresz.hu\\\/en\\\/#website\"},\"datePublished\":\"2023-01-09T11:55:03+00:00\",\"dateModified\":\"2023-03-07T14:50:22+00:00\",\"breadcrumb\":{\"@id\":\"https:\\\/\\\/viresz.hu\\\/szolgaltatasok\\\/#breadcrumb\"},\"inLanguage\":\"en-GB\",\"potentialAction\":[{\"@type\":\"ReadAction\",\"target\":[\"https:\\\/\\\/viresz.hu\\\/szolgaltatasok\\\/\"]}]},{\"@type\":\"BreadcrumbList\",\"@id\":\"https:\\\/\\\/viresz.hu\\\/szolgaltatasok\\\/#breadcrumb\",\"itemListElement\":[{\"@type\":\"ListItem\",\"position\":1,\"name\":\"Kezd\u0151lap\",\"item\":\"https:\\\/\\\/viresz.hu\\\/\"},{\"@type\":\"ListItem\",\"position\":2,\"name\":\"Szolg\u00e1ltat\u00e1sok\"}]},{\"@type\":\"WebSite\",\"@id\":\"https:\\\/\\\/viresz.hu\\\/en\\\/#website\",\"url\":\"https:\\\/\\\/viresz.hu\\\/en\\\/\",\"name\":\"Viresz Kft.\",\"description\":\"\",\"publisher\":{\"@id\":\"https:\\\/\\\/viresz.hu\\\/en\\\/#organization\"},\"potentialAction\":[{\"@type\":\"SearchAction\",\"target\":{\"@type\":\"EntryPoint\",\"urlTemplate\":\"https:\\\/\\\/viresz.hu\\\/en\\\/?s={search_term_string}\"},\"query-input\":{\"@type\":\"PropertyValueSpecification\",\"valueRequired\":true,\"valueName\":\"search_term_string\"}}],\"inLanguage\":\"en-GB\"},{\"@type\":\"Organization\",\"@id\":\"https:\\\/\\\/viresz.hu\\\/en\\\/#organization\",\"name\":\"Viresz Kft.\",\"url\":\"https:\\\/\\\/viresz.hu\\\/en\\\/\",\"logo\":{\"@type\":\"ImageObject\",\"inLanguage\":\"en-GB\",\"@id\":\"https:\\\/\\\/viresz.hu\\\/en\\\/#\\\/schema\\\/logo\\\/image\\\/\",\"url\":\"https:\\\/\\\/viresz.hu\\\/wp-content\\\/uploads\\\/2022\\\/11\\\/viresz_web.png\",\"contentUrl\":\"https:\\\/\\\/viresz.hu\\\/wp-content\\\/uploads\\\/2022\\\/11\\\/viresz_web.png\",\"width\":4484,\"height\":1360,\"caption\":\"Viresz Kft.\"},\"image\":{\"@id\":\"https:\\\/\\\/viresz.hu\\\/en\\\/#\\\/schema\\\/logo\\\/image\\\/\"}}]}<\/script>\n<!-- \/ Yoast SEO plugin. -->","yoast_head_json":{"title":"Szolg\u00e1ltat\u00e1sok - Viresz Kft.","robots":{"index":"index","follow":"follow","max-snippet":"max-snippet:-1","max-image-preview":"max-image-preview:large","max-video-preview":"max-video-preview:-1"},"canonical":"https:\/\/viresz.hu\/en\/szolgaltatasok\/","og_locale":"en_GB","og_type":"article","og_title":"Szolg\u00e1ltat\u00e1sok - Viresz Kft.","og_description":"Minden, ami elektromoss\u00e1g Villamos-biztons\u00e1gi fel\u00fclvizsg\u00e1lat Kor\u00e1bbi nev\u00e9n \u00e9rint\u00e9sv\u00e9delmi fel\u00fclvizsg\u00e1lat. Jogszab\u00e1lyban r\u00f6gz\u00edtett gyakoris\u00e1ggal k\u00f6teles az \u00fczemeltet\u0151 elv\u00e9geztetni. 2020. j\u00falius 31-t\u0151l a lak\u00f3\u00e9p\u00fcletekben l\u00e9v\u0151 lak\u00e1sok villamos berendez\u00e9s\u00e9n is k\u00f6telez\u0151 elv\u00e9geztetni b\u00e9rbead\u00e1skor \u00e9s tulajdonosv\u00e1lt\u00e1skor. A villamos berendez\u00e9sek (pl. f\u00ed-rel\u00e9, vagyis hiba\u00e1ramv\u00e9d\u0151 kapcsol\u00f3) olyan r\u00e9szletes ellen\u0151rz\u00e9se, amely alkalmas arra, hogy kimutassa, teljes\u00edti-e az a vonatkoz\u00f3 szabv\u00e1nyok vagy azokkal egyen\u00e9rt\u00e9k\u0171... Read More","og_url":"https:\/\/viresz.hu\/en\/szolgaltatasok\/","og_site_name":"Viresz Kft.","article_modified_time":"2023-03-07T14:50:22+00:00","twitter_card":"summary_large_image","twitter_misc":{"Estimated reading time":"2 minutes"},"schema":{"@context":"https:\/\/schema.org","@graph":[{"@type":"WebPage","@id":"https:\/\/viresz.hu\/szolgaltatasok\/","url":"https:\/\/viresz.hu\/szolgaltatasok\/","name":"Szolg\u00e1ltat\u00e1sok - Viresz Kft.","isPartOf":{"@id":"https:\/\/viresz.hu\/en\/#website"},"datePublished":"2023-01-09T11:55:03+00:00","dateModified":"2023-03-07T14:50:22+00:00","breadcrumb":{"@id":"https:\/\/viresz.hu\/szolgaltatasok\/#breadcrumb"},"inLanguage":"en-GB","potentialAction":[{"@type":"ReadAction","target":["https:\/\/viresz.hu\/szolgaltatasok\/"]}]},{"@type":"BreadcrumbList","@id":"https:\/\/viresz.hu\/szolgaltatasok\/#breadcrumb","itemListElement":[{"@type":"ListItem","position":1,"name":"Kezd\u0151lap","item":"https:\/\/viresz.hu\/"},{"@type":"ListItem","position":2,"name":"Szolg\u00e1ltat\u00e1sok"}]},{"@type":"WebSite","@id":"https:\/\/viresz.hu\/en\/#website","url":"https:\/\/viresz.hu\/en\/","name":"Viresz Kft.","description":"","publisher":{"@id":"https:\/\/viresz.hu\/en\/#organization"},"potentialAction":[{"@type":"SearchAction","target":{"@type":"EntryPoint","urlTemplate":"https:\/\/viresz.hu\/en\/?s={search_term_string}"},"query-input":{"@type":"PropertyValueSpecification","valueRequired":true,"valueName":"search_term_string"}}],"inLanguage":"en-GB"},{"@type":"Organization","@id":"https:\/\/viresz.hu\/en\/#organization","name":"Viresz Kft.","url":"https:\/\/viresz.hu\/en\/","logo":{"@type":"ImageObject","inLanguage":"en-GB","@id":"https:\/\/viresz.hu\/en\/#\/schema\/logo\/image\/","url":"https:\/\/viresz.hu\/wp-content\/uploads\/2022\/11\/viresz_web.png","contentUrl":"https:\/\/viresz.hu\/wp-content\/uploads\/2022\/11\/viresz_web.png","width":4484,"height":1360,"caption":"Viresz Kft."},"image":{"@id":"https:\/\/viresz.hu\/en\/#\/schema\/logo\/image\/"}}]}},"_links":{"self":[{"href":"https:\/\/viresz.hu\/en\/wp-json\/wp\/v2\/pages\/292","targetHints":{"allow":["GET"]}}],"collection":[{"href":"https:\/\/viresz.hu\/en\/wp-json\/wp\/v2\/pages"}],"about":[{"href":"https:\/\/viresz.hu\/en\/wp-json\/wp\/v2\/types\/page"}],"author":[{"embeddable":true,"href":"https:\/\/viresz.hu\/en\/wp-json\/wp\/v2\/users\/2"}],"replies":[{"embeddable":true,"href":"https:\/\/viresz.hu\/en\/wp-json\/wp\/v2\/comments?post=292"}],"version-history":[{"count":4,"href":"https:\/\/viresz.hu\/en\/wp-json\/wp\/v2\/pages\/292\/revisions"}],"predecessor-version":[{"id":418,"href":"https:\/\/viresz.hu\/en\/wp-json\/wp\/v2\/pages\/292\/revisions\/418"}],"wp:attachment":[{"href":"https:\/\/viresz.hu\/en\/wp-json\/wp\/v2\/media?parent=292"}],"curies":[{"name":"wp","href":"https:\/\/api.w.org\/{rel}","templated":true}]}}