{"id":301,"date":"2023-01-09T14:42:26","date_gmt":"2023-01-09T12:42:26","guid":{"rendered":"https:\/\/viresz.hu\/?page_id=301"},"modified":"2023-03-07T16:48:57","modified_gmt":"2023-03-07T14:48:57","slug":"home","status":"publish","type":"page","link":"https:\/\/viresz.hu\/en\/","title":{"rendered":""},"content":{"rendered":"<h4 class=\"wp-block-heading\"><\/h4>\n\n\n\n<figure class=\"wp-block-image size-large\"><img loading=\"lazy\" decoding=\"async\" width=\"1024\" height=\"471\" src=\"https:\/\/viresz.hu\/wp-content\/uploads\/2023\/03\/IMG_5664_v_-1024x471.jpg\" alt=\"K\u00e9pet k\u00e9sz\u00edtette: Klajk\u00f3Photo www.klajkophoto.hu\" class=\"wp-image-377\" srcset=\"https:\/\/viresz.hu\/wp-content\/uploads\/2023\/03\/IMG_5664_v_-1024x471.jpg 1024w, https:\/\/viresz.hu\/wp-content\/uploads\/2023\/03\/IMG_5664_v_-300x138.jpg 300w, https:\/\/viresz.hu\/wp-content\/uploads\/2023\/03\/IMG_5664_v_-768x353.jpg 768w, https:\/\/viresz.hu\/wp-content\/uploads\/2023\/03\/IMG_5664_v_-1536x707.jpg 1536w, https:\/\/viresz.hu\/wp-content\/uploads\/2023\/03\/IMG_5664_v_-2048x942.jpg 2048w, https:\/\/viresz.hu\/wp-content\/uploads\/2023\/03\/IMG_5664_v_-18x8.jpg 18w\" sizes=\"auto, (max-width: 1024px) 100vw, 1024px\" \/><\/figure>\n\n\n\n<h4 class=\"has-text-align-left has-medium-font-size wp-block-heading\"><a href=\"https:\/\/viresz.hu\/en\/szolgaltatasok\/\"><strong>Services<\/strong><\/a><\/h4>\n\n\n\n<h4 class=\"wp-block-heading\" style=\"font-size:18px\">Electrical safety inspection; maintenance, repair, and modernization of high- and low-current systems, electrical systems of industrial facilities; switch cabinet, main distributor design, maintenance, repair; working under voltage; stage visual technology \u2013 lighting system design, operation; automation; and individual solutions upon request.<span style=\"font-size: 1rem;\">.<\/span><\/h4>\n\n\n\n<h4 class=\"has-text-align-center wp-block-heading\" style=\"font-size:18px\">For more information&nbsp;<a href=\"https:\/\/viresz.hu\/en\/szolgaltatasok\/\">CLICK HERE<\/a>.<\/h4>\n\n\n\n<h3 class=\"wp-block-heading\"><\/h3>\n\n\n\n<h3 class=\"has-text-align-center wp-block-heading\" style=\"font-size:18px\"><strong>No call-out charge in Budapest and its surrounding area!<\/strong><\/h3>\n\n\n\n<h4 class=\"wp-block-heading\"><a href=\"https:\/\/viresz.hu\/en\/korabbimunkak\/\"><strong><img loading=\"lazy\" decoding=\"async\" class=\"size-medium wp-image-226 alignright\" src=\"https:\/\/viresz.hu\/wp-content\/uploads\/2023\/01\/cropped-IMG_4815-1-scaled-1-300x169.jpg\" alt=\"\" width=\"300\" height=\"169\" srcset=\"\" sizes=\"auto, (max-width: 300px) 100vw, 300px\" data-srcset=\"\" \/><\/strong><\/a><\/h4>\n\n\n\n<h4 class=\"has-medium-font-size wp-block-heading\"><a href=\"https:\/\/viresz.hu\/en\/kapcsolat\/\"><strong>Contact<\/strong><\/a><\/h4>\n\n\n\n<h4 class=\"wp-block-heading\" style=\"font-size:18px\">Contact us!<br>Consultation of a site inspection, request for a quotation:<\/h4>\n\n\n\n<h4 class=\"wp-block-heading\" style=\"font-size:18px\"><br>+36 (20) 595 5217<br>+36 (20) 940 8496<br>info(at)viresz.hu<\/h4>","protected":false},"excerpt":{"rendered":"<p>Szolg\u00e1ltat\u00e1sok Villamos-biztons\u00e1gi fel\u00fclvizsg\u00e1lat; er\u0151s- \u00e9s gyenge\u00e1ram\u00fa rendszerek,\u00a0 ipari l\u00e9tes\u00edtm\u00e9nyek villamos rendszereinek karbantart\u00e1sa, jav\u00edt\u00e1sa, korszer\u0171s\u00edt\u00e9se; kapcsol\u00f3szekr\u00e9ny, f\u0151eloszt\u00f3 kialak\u00edt\u00e1s, karbantart\u00e1s, jav\u00edt\u00e1s; FAM szerel\u00e9s (fesz\u00fclts\u00e9g alatti munkav\u00e9gz\u00e9s); sz\u00ednpadi l\u00e1tv\u00e1nytechnika \u2013 vil\u00e1g\u00edt\u00e1si rendszer tervez\u00e9s, \u00fczemeltet\u00e9s; automatiz\u00e1l\u00e1s; tov\u00e1bb\u00e1 egyedi megold\u00e1sok ig\u00e9ny szerint. A r\u00e9szletek\u00e9rt kattintson&nbsp;IDE. Budapesten \u00e9s vonz\u00e1sk\u00f6rzet\u00e9ben kisz\u00e1ll\u00e1si d\u00edj n\u00e9lk\u00fcl! Kapcsolat H\u00edvjon minket!Helysz\u00edni felm\u00e9r\u00e9s egyeztet\u00e9s, \u00e1raj\u00e1nlat k\u00e9r\u00e9s: +36 (20)&#8230; <\/p>\n<div class=\"read-more navbutton\"><a href=\"https:\/\/viresz.hu\/en\/\">Read More<i class=\"fa fa-angle-double-right\"><\/i><\/a><\/div>","protected":false},"author":2,"featured_media":0,"parent":0,"menu_order":0,"comment_status":"closed","ping_status":"closed","template":"","meta":{"footnotes":""},"class_list":["post-301","page","type-page","status-publish","hentry"],"yoast_head":"<!-- This site is optimized with the Yoast SEO plugin v27.5 - https:\/\/yoast.com\/product\/yoast-seo-wordpress\/ -->\n<title>- Viresz Kft.<\/title>\n<meta name=\"robots\" content=\"index, follow, max-snippet:-1, max-image-preview:large, max-video-preview:-1\" \/>\n<link rel=\"canonical\" href=\"https:\/\/viresz.hu\/en\/\" \/>\n<meta property=\"og:locale\" content=\"en_GB\" \/>\n<meta property=\"og:type\" content=\"article\" \/>\n<meta property=\"og:title\" content=\"- Viresz Kft.\" \/>\n<meta property=\"og:description\" content=\"Szolg\u00e1ltat\u00e1sok Villamos-biztons\u00e1gi fel\u00fclvizsg\u00e1lat; er\u0151s- \u00e9s gyenge\u00e1ram\u00fa rendszerek,\u00a0 ipari l\u00e9tes\u00edtm\u00e9nyek villamos rendszereinek karbantart\u00e1sa, jav\u00edt\u00e1sa, korszer\u0171s\u00edt\u00e9se; kapcsol\u00f3szekr\u00e9ny, f\u0151eloszt\u00f3 kialak\u00edt\u00e1s, karbantart\u00e1s, jav\u00edt\u00e1s; FAM szerel\u00e9s (fesz\u00fclts\u00e9g alatti munkav\u00e9gz\u00e9s); sz\u00ednpadi l\u00e1tv\u00e1nytechnika \u2013 vil\u00e1g\u00edt\u00e1si rendszer tervez\u00e9s, \u00fczemeltet\u00e9s; automatiz\u00e1l\u00e1s; tov\u00e1bb\u00e1 egyedi megold\u00e1sok ig\u00e9ny szerint. A r\u00e9szletek\u00e9rt kattintson&nbsp;IDE. Budapesten \u00e9s vonz\u00e1sk\u00f6rzet\u00e9ben kisz\u00e1ll\u00e1si d\u00edj n\u00e9lk\u00fcl! Kapcsolat H\u00edvjon minket!Helysz\u00edni felm\u00e9r\u00e9s egyeztet\u00e9s, \u00e1raj\u00e1nlat k\u00e9r\u00e9s: +36 (20)... Read More\" \/>\n<meta property=\"og:url\" content=\"https:\/\/viresz.hu\/en\/\" \/>\n<meta property=\"og:site_name\" content=\"Viresz Kft.\" \/>\n<meta property=\"article:modified_time\" content=\"2023-03-07T14:48:57+00:00\" \/>\n<meta property=\"og:image\" content=\"https:\/\/viresz.hu\/wp-content\/uploads\/2023\/03\/IMG_5664_v_-1024x471.jpg\" \/>\n<meta name=\"twitter:card\" content=\"summary_large_image\" \/>\n<meta name=\"twitter:label1\" content=\"Estimated reading time\" \/>\n\t<meta name=\"twitter:data1\" content=\"1 minute\" \/>\n<script type=\"application\/ld+json\" class=\"yoast-schema-graph\">{\"@context\":\"https:\\\/\\\/schema.org\",\"@graph\":[{\"@type\":\"WebPage\",\"@id\":\"https:\\\/\\\/viresz.hu\\\/\",\"url\":\"https:\\\/\\\/viresz.hu\\\/\",\"name\":\"- Viresz Kft.\",\"isPartOf\":{\"@id\":\"https:\\\/\\\/viresz.hu\\\/en\\\/#website\"},\"primaryImageOfPage\":{\"@id\":\"https:\\\/\\\/viresz.hu\\\/#primaryimage\"},\"image\":{\"@id\":\"https:\\\/\\\/viresz.hu\\\/#primaryimage\"},\"thumbnailUrl\":\"https:\\\/\\\/viresz.hu\\\/wp-content\\\/uploads\\\/2023\\\/03\\\/IMG_5664_v_-1024x471.jpg\",\"datePublished\":\"2023-01-09T12:42:26+00:00\",\"dateModified\":\"2023-03-07T14:48:57+00:00\",\"inLanguage\":\"en-GB\",\"potentialAction\":[{\"@type\":\"ReadAction\",\"target\":[\"https:\\\/\\\/viresz.hu\\\/\"]}]},{\"@type\":\"ImageObject\",\"inLanguage\":\"en-GB\",\"@id\":\"https:\\\/\\\/viresz.hu\\\/#primaryimage\",\"url\":\"https:\\\/\\\/viresz.hu\\\/wp-content\\\/uploads\\\/2023\\\/03\\\/IMG_5664_v_-1024x471.jpg\",\"contentUrl\":\"https:\\\/\\\/viresz.hu\\\/wp-content\\\/uploads\\\/2023\\\/03\\\/IMG_5664_v_-1024x471.jpg\"},{\"@type\":\"WebSite\",\"@id\":\"https:\\\/\\\/viresz.hu\\\/en\\\/#website\",\"url\":\"https:\\\/\\\/viresz.hu\\\/en\\\/\",\"name\":\"Viresz Kft.\",\"description\":\"\",\"publisher\":{\"@id\":\"https:\\\/\\\/viresz.hu\\\/en\\\/#organization\"},\"potentialAction\":[{\"@type\":\"SearchAction\",\"target\":{\"@type\":\"EntryPoint\",\"urlTemplate\":\"https:\\\/\\\/viresz.hu\\\/en\\\/?s={search_term_string}\"},\"query-input\":{\"@type\":\"PropertyValueSpecification\",\"valueRequired\":true,\"valueName\":\"search_term_string\"}}],\"inLanguage\":\"en-GB\"},{\"@type\":\"Organization\",\"@id\":\"https:\\\/\\\/viresz.hu\\\/en\\\/#organization\",\"name\":\"Viresz Kft.\",\"url\":\"https:\\\/\\\/viresz.hu\\\/en\\\/\",\"logo\":{\"@type\":\"ImageObject\",\"inLanguage\":\"en-GB\",\"@id\":\"https:\\\/\\\/viresz.hu\\\/en\\\/#\\\/schema\\\/logo\\\/image\\\/\",\"url\":\"https:\\\/\\\/viresz.hu\\\/wp-content\\\/uploads\\\/2022\\\/11\\\/viresz_web.png\",\"contentUrl\":\"https:\\\/\\\/viresz.hu\\\/wp-content\\\/uploads\\\/2022\\\/11\\\/viresz_web.png\",\"width\":4484,\"height\":1360,\"caption\":\"Viresz Kft.\"},\"image\":{\"@id\":\"https:\\\/\\\/viresz.hu\\\/en\\\/#\\\/schema\\\/logo\\\/image\\\/\"}}]}<\/script>\n<!-- \/ Yoast SEO plugin. -->","yoast_head_json":{"title":"- Viresz Kft.","robots":{"index":"index","follow":"follow","max-snippet":"max-snippet:-1","max-image-preview":"max-image-preview:large","max-video-preview":"max-video-preview:-1"},"canonical":"https:\/\/viresz.hu\/en\/","og_locale":"en_GB","og_type":"article","og_title":"- Viresz Kft.","og_description":"Szolg\u00e1ltat\u00e1sok Villamos-biztons\u00e1gi fel\u00fclvizsg\u00e1lat; er\u0151s- \u00e9s gyenge\u00e1ram\u00fa rendszerek,\u00a0 ipari l\u00e9tes\u00edtm\u00e9nyek villamos rendszereinek karbantart\u00e1sa, jav\u00edt\u00e1sa, korszer\u0171s\u00edt\u00e9se; kapcsol\u00f3szekr\u00e9ny, f\u0151eloszt\u00f3 kialak\u00edt\u00e1s, karbantart\u00e1s, jav\u00edt\u00e1s; FAM szerel\u00e9s (fesz\u00fclts\u00e9g alatti munkav\u00e9gz\u00e9s); sz\u00ednpadi l\u00e1tv\u00e1nytechnika \u2013 vil\u00e1g\u00edt\u00e1si rendszer tervez\u00e9s, \u00fczemeltet\u00e9s; automatiz\u00e1l\u00e1s; tov\u00e1bb\u00e1 egyedi megold\u00e1sok ig\u00e9ny szerint. A r\u00e9szletek\u00e9rt kattintson&nbsp;IDE. Budapesten \u00e9s vonz\u00e1sk\u00f6rzet\u00e9ben kisz\u00e1ll\u00e1si d\u00edj n\u00e9lk\u00fcl! Kapcsolat H\u00edvjon minket!Helysz\u00edni felm\u00e9r\u00e9s egyeztet\u00e9s, \u00e1raj\u00e1nlat k\u00e9r\u00e9s: +36 (20)... Read More","og_url":"https:\/\/viresz.hu\/en\/","og_site_name":"Viresz Kft.","article_modified_time":"2023-03-07T14:48:57+00:00","og_image":[{"url":"https:\/\/viresz.hu\/wp-content\/uploads\/2023\/03\/IMG_5664_v_-1024x471.jpg","type":"","width":"","height":""}],"twitter_card":"summary_large_image","twitter_misc":{"Estimated reading time":"1 minute"},"schema":{"@context":"https:\/\/schema.org","@graph":[{"@type":"WebPage","@id":"https:\/\/viresz.hu\/","url":"https:\/\/viresz.hu\/","name":"- Viresz Kft.","isPartOf":{"@id":"https:\/\/viresz.hu\/en\/#website"},"primaryImageOfPage":{"@id":"https:\/\/viresz.hu\/#primaryimage"},"image":{"@id":"https:\/\/viresz.hu\/#primaryimage"},"thumbnailUrl":"https:\/\/viresz.hu\/wp-content\/uploads\/2023\/03\/IMG_5664_v_-1024x471.jpg","datePublished":"2023-01-09T12:42:26+00:00","dateModified":"2023-03-07T14:48:57+00:00","inLanguage":"en-GB","potentialAction":[{"@type":"ReadAction","target":["https:\/\/viresz.hu\/"]}]},{"@type":"ImageObject","inLanguage":"en-GB","@id":"https:\/\/viresz.hu\/#primaryimage","url":"https:\/\/viresz.hu\/wp-content\/uploads\/2023\/03\/IMG_5664_v_-1024x471.jpg","contentUrl":"https:\/\/viresz.hu\/wp-content\/uploads\/2023\/03\/IMG_5664_v_-1024x471.jpg"},{"@type":"WebSite","@id":"https:\/\/viresz.hu\/en\/#website","url":"https:\/\/viresz.hu\/en\/","name":"Viresz Kft.","description":"","publisher":{"@id":"https:\/\/viresz.hu\/en\/#organization"},"potentialAction":[{"@type":"SearchAction","target":{"@type":"EntryPoint","urlTemplate":"https:\/\/viresz.hu\/en\/?s={search_term_string}"},"query-input":{"@type":"PropertyValueSpecification","valueRequired":true,"valueName":"search_term_string"}}],"inLanguage":"en-GB"},{"@type":"Organization","@id":"https:\/\/viresz.hu\/en\/#organization","name":"Viresz Kft.","url":"https:\/\/viresz.hu\/en\/","logo":{"@type":"ImageObject","inLanguage":"en-GB","@id":"https:\/\/viresz.hu\/en\/#\/schema\/logo\/image\/","url":"https:\/\/viresz.hu\/wp-content\/uploads\/2022\/11\/viresz_web.png","contentUrl":"https:\/\/viresz.hu\/wp-content\/uploads\/2022\/11\/viresz_web.png","width":4484,"height":1360,"caption":"Viresz Kft."},"image":{"@id":"https:\/\/viresz.hu\/en\/#\/schema\/logo\/image\/"}}]}},"_links":{"self":[{"href":"https:\/\/viresz.hu\/en\/wp-json\/wp\/v2\/pages\/301","targetHints":{"allow":["GET"]}}],"collection":[{"href":"https:\/\/viresz.hu\/en\/wp-json\/wp\/v2\/pages"}],"about":[{"href":"https:\/\/viresz.hu\/en\/wp-json\/wp\/v2\/types\/page"}],"author":[{"embeddable":true,"href":"https:\/\/viresz.hu\/en\/wp-json\/wp\/v2\/users\/2"}],"replies":[{"embeddable":true,"href":"https:\/\/viresz.hu\/en\/wp-json\/wp\/v2\/comments?post=301"}],"version-history":[{"count":26,"href":"https:\/\/viresz.hu\/en\/wp-json\/wp\/v2\/pages\/301\/revisions"}],"predecessor-version":[{"id":417,"href":"https:\/\/viresz.hu\/en\/wp-json\/wp\/v2\/pages\/301\/revisions\/417"}],"wp:attachment":[{"href":"https:\/\/viresz.hu\/en\/wp-json\/wp\/v2\/media?parent=301"}],"curies":[{"name":"wp","href":"https:\/\/api.w.org\/{rel}","templated":true}]}}